{"id":4529,"date":"2025-10-27T12:19:07","date_gmt":"2025-10-27T12:19:07","guid":{"rendered":"https:\/\/institutoaprehender.com.ar\/w25\/carrito\/"},"modified":"2025-11-03T18:13:02","modified_gmt":"2025-11-03T18:13:02","slug":"carrito","status":"publish","type":"page","link":"https:\/\/institutoaprehender.com.ar\/w25\/carrito\/","title":{"rendered":"Carrito"},"content":{"rendered":"\n<div data-block-name=\"woocommerce\/cart\" class=\"wp-block-woocommerce-cart alignwide is-loading\">\n<div data-block-name=\"woocommerce\/filled-cart-block\" class=\"wp-block-woocommerce-filled-cart-block\">\n<div data-block-name=\"woocommerce\/cart-items-block\" class=\"wp-block-woocommerce-cart-items-block\">\n<div data-block-name=\"woocommerce\/cart-line-items-block\" class=\"wp-block-woocommerce-cart-line-items-block\"><\/div>\n\n\n<\/div>\n\n\n\n\n<div data-block-name=\"woocommerce\/cart-totals-block\" class=\"wp-block-woocommerce-cart-totals-block\">\n<div data-block-name=\"woocommerce\/cart-order-summary-block\" class=\"wp-block-woocommerce-cart-order-summary-block\">\n<div data-block-name=\"woocommerce\/cart-order-summary-heading-block\" class=\"wp-block-woocommerce-cart-order-summary-heading-block\"><\/div><div data-block-name=\"woocommerce\/cart-order-summary-coupon-form-block\" class=\"wp-block-woocommerce-cart-order-summary-coupon-form-block\"><\/div><div data-block-name=\"woocommerce\/cart-order-summary-totals-block\" class=\"wp-block-woocommerce-cart-order-summary-totals-block\">\n<div data-block-name=\"woocommerce\/cart-order-summary-subtotal-block\" class=\"wp-block-woocommerce-cart-order-summary-subtotal-block\"><\/div>\n<div data-block-name=\"woocommerce\/cart-order-summary-discount-block\" class=\"wp-block-woocommerce-cart-order-summary-discount-block\"><\/div>\n<div data-block-name=\"woocommerce\/cart-order-summary-fee-block\" class=\"wp-block-woocommerce-cart-order-summary-fee-block\"><\/div>\n<div data-block-name=\"woocommerce\/cart-order-summary-shipping-block\" class=\"wp-block-woocommerce-cart-order-summary-shipping-block\"><\/div>\n<div data-block-name=\"woocommerce\/cart-order-summary-taxes-block\" class=\"wp-block-woocommerce-cart-order-summary-taxes-block\"><\/div><\/div>\n<\/div>\n\n\n\n<div data-block-name=\"woocommerce\/cart-express-payment-block\" class=\"wp-block-woocommerce-cart-express-payment-block\"><\/div>\n\n\n\n<div data-block-name=\"woocommerce\/proceed-to-checkout-block\" class=\"wp-block-woocommerce-proceed-to-checkout-block\"><\/div>\n\n\n\n<div data-block-name=\"woocommerce\/cart-accepted-payment-methods-block\" class=\"wp-block-woocommerce-cart-accepted-payment-methods-block\"><\/div>\n<\/div>\n<\/div>\n\n\n\n<div data-block-name=\"woocommerce\/empty-cart-block\" class=\"wp-block-woocommerce-empty-cart-block\">\n<h2 class=\"wp-block-heading has-text-align-center with-empty-cart-icon wc-block-cart__empty-cart__title\">\u00a1Tu carrito est\u00e1 actualmente vac\u00edo!<\/h2>\n\n\n\n<hr class=\"wp-block-separator has-alpha-channel-opacity is-style-dots\"\/>\n\n\n\n<h2 class=\"wp-block-heading has-text-align-center\">Nuevo en la tienda<\/h2>\n\n\n<div data-block-name=\"woocommerce\/product-new\" data-columns=\"4\" data-rows=\"1\" class=\"wc-block-grid wp-block-product-new wp-block-woocommerce-product-new wc-block-product-new has-4-columns\"><ul class=\"wc-block-grid__products\"><li class=\"wc-block-grid__product\">\n\t\t\t\t<a href=\"https:\/\/institutoaprehender.com.ar\/w25\/curso\/secretariado-administrativo-contable-pyme\/\" class=\"wc-block-grid__product-link\">\n\t\t\t\t\t\n\t\t\t\t\t<div class=\"wc-block-grid__product-image\"><img fetchpriority=\"high\" decoding=\"async\" width=\"300\" height=\"300\" src=\"https:\/\/institutoaprehender.com.ar\/w25\/wp-content\/uploads\/woocommerce-placeholder.webp\" class=\"woocommerce-placeholder wp-post-image\" alt=\"\" srcset=\"https:\/\/institutoaprehender.com.ar\/w25\/wp-content\/uploads\/woocommerce-placeholder.webp 1200w, https:\/\/institutoaprehender.com.ar\/w25\/wp-content\/uploads\/woocommerce-placeholder-300x300.webp 300w, https:\/\/institutoaprehender.com.ar\/w25\/wp-content\/uploads\/woocommerce-placeholder-1024x1024.webp 1024w, https:\/\/institutoaprehender.com.ar\/w25\/wp-content\/uploads\/woocommerce-placeholder-150x150.webp 150w, https:\/\/institutoaprehender.com.ar\/w25\/wp-content\/uploads\/woocommerce-placeholder-768x768.webp 768w\" sizes=\"(max-width: 300px) 100vw, 300px\" \/><\/div>\n\t\t\t\t\t<div class=\"wc-block-grid__product-title\">Secretariado Administrativo Contable &amp; PyME<\/div>\n\t\t\t\t<\/a>\n\t\t\t\t<div class=\"wc-block-grid__product-price price\"><\/div>\n\t\t\t\t\n\t\t\t\t<div class=\"wp-block-button wc-block-grid__product-add-to-cart\"><a href=\"https:\/\/institutoaprehender.com.ar\/w25\/curso\/secretariado-administrativo-contable-pyme\/\" aria-label=\"Lee m\u00e1s sobre &ldquo;Secretariado Administrativo Contable &amp; PyME&rdquo;\" data-quantity=\"1\" data-product_id=\"5016\" data-product_sku=\"\" data-price=\"0\" rel=\"nofollow\" class=\"wp-block-button__link  add_to_cart_button\">Leer m\u00e1s<\/a><\/div>\n\t\t\t<\/li><li class=\"wc-block-grid__product\">\n\t\t\t\t<a href=\"https:\/\/institutoaprehender.com.ar\/w25\/curso\/extraccionista-y-manejo-de-laboratorio-de-analisis-clinicos\/\" class=\"wc-block-grid__product-link\">\n\t\t\t\t\t\n\t\t\t\t\t<div class=\"wc-block-grid__product-image\"><img decoding=\"async\" width=\"300\" height=\"300\" src=\"https:\/\/institutoaprehender.com.ar\/w25\/wp-content\/uploads\/2025\/09\/ChatGPT-Image-26-sept-2025-17_33_59-300x300.png\" class=\"attachment-woocommerce_thumbnail size-woocommerce_thumbnail\" alt=\"Extraccionista y Manejo de Laboratorio de An\u00e1lisis Cl\u00ednicos\" srcset=\"https:\/\/institutoaprehender.com.ar\/w25\/wp-content\/uploads\/2025\/09\/ChatGPT-Image-26-sept-2025-17_33_59-300x300.png 300w, https:\/\/institutoaprehender.com.ar\/w25\/wp-content\/uploads\/2025\/09\/ChatGPT-Image-26-sept-2025-17_33_59-100x100.png 100w, https:\/\/institutoaprehender.com.ar\/w25\/wp-content\/uploads\/2025\/09\/ChatGPT-Image-26-sept-2025-17_33_59-150x150.png 150w\" sizes=\"(max-width: 300px) 100vw, 300px\" \/><\/div>\n\t\t\t\t\t<div class=\"wc-block-grid__product-title\">Extraccionista y Manejo de Laboratorio de An\u00e1lisis Cl\u00ednicos<\/div>\n\t\t\t\t<\/a>\n\t\t\t\t<div class=\"wc-block-grid__product-price price\"><\/div>\n\t\t\t\t\n\t\t\t\t<div class=\"wp-block-button wc-block-grid__product-add-to-cart\"><a href=\"https:\/\/institutoaprehender.com.ar\/w25\/curso\/extraccionista-y-manejo-de-laboratorio-de-analisis-clinicos\/\" aria-label=\"Lee m\u00e1s sobre &ldquo;Extraccionista y Manejo de Laboratorio de An\u00e1lisis Cl\u00ednicos&rdquo;\" data-quantity=\"1\" data-product_id=\"5013\" data-product_sku=\"\" data-price=\"0\" rel=\"nofollow\" class=\"wp-block-button__link  add_to_cart_button\">Leer m\u00e1s<\/a><\/div>\n\t\t\t<\/li><li class=\"wc-block-grid__product\">\n\t\t\t\t<a href=\"https:\/\/institutoaprehender.com.ar\/w25\/curso\/acompanante-terapeutico\/\" class=\"wc-block-grid__product-link\">\n\t\t\t\t\t\n\t\t\t\t\t<div class=\"wc-block-grid__product-image\"><img decoding=\"async\" width=\"300\" height=\"300\" src=\"https:\/\/institutoaprehender.com.ar\/w25\/wp-content\/uploads\/2025\/11\/ChatGPT-Image-4-nov-2025-21_04_45-300x300.png\" class=\"attachment-woocommerce_thumbnail size-woocommerce_thumbnail\" alt=\"Acompa\u00f1ante Terap\u00e9utico\" srcset=\"https:\/\/institutoaprehender.com.ar\/w25\/wp-content\/uploads\/2025\/11\/ChatGPT-Image-4-nov-2025-21_04_45-300x300.png 300w, https:\/\/institutoaprehender.com.ar\/w25\/wp-content\/uploads\/2025\/11\/ChatGPT-Image-4-nov-2025-21_04_45-100x100.png 100w, https:\/\/institutoaprehender.com.ar\/w25\/wp-content\/uploads\/2025\/11\/ChatGPT-Image-4-nov-2025-21_04_45-150x150.png 150w\" sizes=\"(max-width: 300px) 100vw, 300px\" \/><\/div>\n\t\t\t\t\t<div class=\"wc-block-grid__product-title\">Acompa\u00f1ante Terap\u00e9utico<\/div>\n\t\t\t\t<\/a>\n\t\t\t\t<div class=\"wc-block-grid__product-price price\"><\/div>\n\t\t\t\t\n\t\t\t\t<div class=\"wp-block-button wc-block-grid__product-add-to-cart\"><a href=\"https:\/\/institutoaprehender.com.ar\/w25\/curso\/acompanante-terapeutico\/\" aria-label=\"Lee m\u00e1s sobre &ldquo;Acompa\u00f1ante Terap\u00e9utico&rdquo;\" data-quantity=\"1\" data-product_id=\"5010\" data-product_sku=\"\" data-price=\"0\" rel=\"nofollow\" class=\"wp-block-button__link  add_to_cart_button\">Leer m\u00e1s<\/a><\/div>\n\t\t\t<\/li><li class=\"wc-block-grid__product\">\n\t\t\t\t<a href=\"https:\/\/institutoaprehender.com.ar\/w25\/curso\/auxiliar-de-farmacia\/\" class=\"wc-block-grid__product-link\">\n\t\t\t\t\t\n\t\t\t\t\t<div class=\"wc-block-grid__product-image\"><img loading=\"lazy\" decoding=\"async\" width=\"300\" height=\"300\" src=\"https:\/\/institutoaprehender.com.ar\/w25\/wp-content\/uploads\/2025\/09\/ChatGPT-Image-15-sept-2025-20_22_46-300x300.png\" class=\"attachment-woocommerce_thumbnail size-woocommerce_thumbnail\" alt=\"Auxiliar de Farmacia\" srcset=\"https:\/\/institutoaprehender.com.ar\/w25\/wp-content\/uploads\/2025\/09\/ChatGPT-Image-15-sept-2025-20_22_46-300x300.png 300w, https:\/\/institutoaprehender.com.ar\/w25\/wp-content\/uploads\/2025\/09\/ChatGPT-Image-15-sept-2025-20_22_46-100x100.png 100w, https:\/\/institutoaprehender.com.ar\/w25\/wp-content\/uploads\/2025\/09\/ChatGPT-Image-15-sept-2025-20_22_46-150x150.png 150w\" sizes=\"(max-width: 300px) 100vw, 300px\" \/><\/div>\n\t\t\t\t\t<div class=\"wc-block-grid__product-title\">Auxiliar de Farmacia<\/div>\n\t\t\t\t<\/a>\n\t\t\t\t<div class=\"wc-block-grid__product-price price\"><\/div>\n\t\t\t\t\n\t\t\t\t<div class=\"wp-block-button wc-block-grid__product-add-to-cart\"><a href=\"https:\/\/institutoaprehender.com.ar\/w25\/curso\/auxiliar-de-farmacia\/\" aria-label=\"Lee m\u00e1s sobre &ldquo;Auxiliar de Farmacia&rdquo;\" data-quantity=\"1\" data-product_id=\"5006\" data-product_sku=\"\" data-price=\"0\" rel=\"nofollow\" class=\"wp-block-button__link  add_to_cart_button\">Leer m\u00e1s<\/a><\/div>\n\t\t\t<\/li><\/ul><\/div><\/div>\n<\/div>\n","protected":false},"excerpt":{"rendered":"","protected":false},"author":1,"featured_media":0,"parent":0,"menu_order":0,"comment_status":"closed","ping_status":"closed","template":"","meta":{"_acf_changed":false,"footnotes":""},"class_list":["post-4529","page","type-page","status-publish","hentry"],"acf":[],"_links":{"self":[{"href":"https:\/\/institutoaprehender.com.ar\/w25\/wp-json\/wp\/v2\/pages\/4529","targetHints":{"allow":["GET"]}}],"collection":[{"href":"https:\/\/institutoaprehender.com.ar\/w25\/wp-json\/wp\/v2\/pages"}],"about":[{"href":"https:\/\/institutoaprehender.com.ar\/w25\/wp-json\/wp\/v2\/types\/page"}],"author":[{"embeddable":true,"href":"https:\/\/institutoaprehender.com.ar\/w25\/wp-json\/wp\/v2\/users\/1"}],"replies":[{"embeddable":true,"href":"https:\/\/institutoaprehender.com.ar\/w25\/wp-json\/wp\/v2\/comments?post=4529"}],"version-history":[{"count":1,"href":"https:\/\/institutoaprehender.com.ar\/w25\/wp-json\/wp\/v2\/pages\/4529\/revisions"}],"predecessor-version":[{"id":4784,"href":"https:\/\/institutoaprehender.com.ar\/w25\/wp-json\/wp\/v2\/pages\/4529\/revisions\/4784"}],"wp:attachment":[{"href":"https:\/\/institutoaprehender.com.ar\/w25\/wp-json\/wp\/v2\/media?parent=4529"}],"curies":[{"name":"wp","href":"https:\/\/api.w.org\/{rel}","templated":true}]}}