{"id":4584,"date":"2025-10-27T12:28:49","date_gmt":"2025-10-27T12:28:49","guid":{"rendered":"https:\/\/institutoaprehender.com.ar\/w25\/?post_type=product&#038;p=4584"},"modified":"2025-11-04T20:17:25","modified_gmt":"2025-11-04T20:17:25","slug":"curso-de-cosmetologia","status":"publish","type":"product","link":"https:\/\/institutoaprehender.com.ar\/w25\/curso\/curso-de-cosmetologia\/","title":{"rendered":"Curso de Cosmetolog\u00eda"},"content":{"rendered":"<p>F\u00f3rmate como cosmet\u00f3loga con tu propia agenda y lista de precios.<\/p>\n<p>En nuestro programa aprend\u00e9s a diagnosticar (biotipo\/fototipo), planificar una sesi\u00f3n segura y acompa\u00f1ar al cliente con un plan domiciliario que potencia los resultados.<\/p>\n<p>Durante el cursado trabajamos higiene y bioseguridad, protocolos faciales (limpieza profunda, exfoliaci\u00f3n segura, extracciones, m\u00e1scaras) y activos (niacinamida, hialur\u00f3nico, retinol). Tambi\u00e9n usamos t\u00e9cnicas de alta frecuencia y esp\u00e1tula ultras\u00f3nica.<\/p>\n","protected":false},"excerpt":{"rendered":"<p><span style=\"font-weight: 400;\">Formarte como cosmet\u00f3loga te da un oficio con demanda real en spas y centros de est\u00e9tica, y tambi\u00e9n la posibilidad de emprender con tu propia agenda y lista de precios.\u00a0<\/span><\/p>\n","protected":false},"featured_media":1817,"comment_status":"closed","ping_status":"closed","template":"","meta":{"_acf_changed":false},"product_brand":[],"product_cat":[24],"product_tag":[],"class_list":{"0":"post-4584","1":"product","2":"type-product","3":"status-publish","4":"has-post-thumbnail","6":"product_cat-area-estetica","8":"first","9":"instock","10":"virtual","11":"product-type-simple"},"acf":[],"_links":{"self":[{"href":"https:\/\/institutoaprehender.com.ar\/w25\/wp-json\/wp\/v2\/product\/4584","targetHints":{"allow":["GET"]}}],"collection":[{"href":"https:\/\/institutoaprehender.com.ar\/w25\/wp-json\/wp\/v2\/product"}],"about":[{"href":"https:\/\/institutoaprehender.com.ar\/w25\/wp-json\/wp\/v2\/types\/product"}],"replies":[{"embeddable":true,"href":"https:\/\/institutoaprehender.com.ar\/w25\/wp-json\/wp\/v2\/comments?post=4584"}],"wp:featuredmedia":[{"embeddable":true,"href":"https:\/\/institutoaprehender.com.ar\/w25\/wp-json\/wp\/v2\/media\/1817"}],"wp:attachment":[{"href":"https:\/\/institutoaprehender.com.ar\/w25\/wp-json\/wp\/v2\/media?parent=4584"}],"wp:term":[{"taxonomy":"product_brand","embeddable":true,"href":"https:\/\/institutoaprehender.com.ar\/w25\/wp-json\/wp\/v2\/product_brand?post=4584"},{"taxonomy":"product_cat","embeddable":true,"href":"https:\/\/institutoaprehender.com.ar\/w25\/wp-json\/wp\/v2\/product_cat?post=4584"},{"taxonomy":"product_tag","embeddable":true,"href":"https:\/\/institutoaprehender.com.ar\/w25\/wp-json\/wp\/v2\/product_tag?post=4584"}],"curies":[{"name":"wp","href":"https:\/\/api.w.org\/{rel}","templated":true}]}}