{"id":4804,"date":"2025-11-03T18:53:08","date_gmt":"2025-11-03T18:53:08","guid":{"rendered":"https:\/\/institutoaprehender.com.ar\/w25\/?post_type=product&#038;p=4804"},"modified":"2025-11-04T20:48:25","modified_gmt":"2025-11-04T20:48:25","slug":"podoestetica","status":"publish","type":"product","link":"https:\/\/institutoaprehender.com.ar\/w25\/curso\/podoestetica\/","title":{"rendered":"Podoest\u00e9tica"},"content":{"rendered":"<p><span style=\"font-weight: 400;\">El curso de <\/span>Podoest\u00e9tica<span style=\"font-weight: 400;\"> ofrece una formaci\u00f3n integral orientada al cuidado est\u00e9tico y preventivo del pie, con enfoque en bioseguridad, criterios de derivaci\u00f3n responsable y experiencia de servicio profesional.\u00a0<\/span><\/p>\n<p><span style=\"font-weight: 400;\">Est\u00e1 dise\u00f1ado para quienes buscan iniciarse o perfeccionarse en el \u00e1mbito de la est\u00e9tica del pie, sin realizar actos propios de la podolog\u00eda cl\u00ednica.<\/span><\/p>\n<p><span style=\"font-weight: 400;\">Clases te\u00f3rico\u2013pr\u00e1cticas con demostraciones paso a paso, pr\u00e1ctica supervisada con torno y herramientas manuales, estudio de casos y r\u00fabrica de calidad (bioseguridad, prolijidad, confort del cliente, resultado).<\/span><\/p>\n<p><span style=\"font-weight: 400;\">La formaci\u00f3n brinda herramientas para construir una cartera de clientes sostenida, fijar aranceles, comunicar resultados con \u00e9tica y mantener altos est\u00e1ndares de bioseguridad, favoreciendo una inserci\u00f3n laboral responsable y competitiva<\/span><\/p>\n","protected":false},"excerpt":{"rendered":"<p>El curso de Podoest\u00e9tica ofrece una formaci\u00f3n integral orientada al cuidado est\u00e9tico y preventivo del pie, con enfoque en bioseguridad, criterios de derivaci\u00f3n responsable y experiencia de servicio profesional.\u00a0 Est\u00e1 dise\u00f1ado para quienes buscan iniciarse o perfeccionarse en el \u00e1mbito de la est\u00e9tica del pie, sin realizar actos propios de la podolog\u00eda cl\u00ednica. Clases te\u00f3rico\u2013pr\u00e1cticas [&hellip;]<\/p>\n","protected":false},"featured_media":1776,"comment_status":"closed","ping_status":"closed","template":"","meta":{"_acf_changed":false},"product_brand":[],"product_cat":[24],"product_tag":[],"class_list":{"0":"post-4804","1":"product","2":"type-product","3":"status-publish","4":"has-post-thumbnail","6":"product_cat-area-estetica","8":"first","9":"instock","10":"virtual","11":"product-type-simple"},"acf":[],"_links":{"self":[{"href":"https:\/\/institutoaprehender.com.ar\/w25\/wp-json\/wp\/v2\/product\/4804","targetHints":{"allow":["GET"]}}],"collection":[{"href":"https:\/\/institutoaprehender.com.ar\/w25\/wp-json\/wp\/v2\/product"}],"about":[{"href":"https:\/\/institutoaprehender.com.ar\/w25\/wp-json\/wp\/v2\/types\/product"}],"replies":[{"embeddable":true,"href":"https:\/\/institutoaprehender.com.ar\/w25\/wp-json\/wp\/v2\/comments?post=4804"}],"wp:featuredmedia":[{"embeddable":true,"href":"https:\/\/institutoaprehender.com.ar\/w25\/wp-json\/wp\/v2\/media\/1776"}],"wp:attachment":[{"href":"https:\/\/institutoaprehender.com.ar\/w25\/wp-json\/wp\/v2\/media?parent=4804"}],"wp:term":[{"taxonomy":"product_brand","embeddable":true,"href":"https:\/\/institutoaprehender.com.ar\/w25\/wp-json\/wp\/v2\/product_brand?post=4804"},{"taxonomy":"product_cat","embeddable":true,"href":"https:\/\/institutoaprehender.com.ar\/w25\/wp-json\/wp\/v2\/product_cat?post=4804"},{"taxonomy":"product_tag","embeddable":true,"href":"https:\/\/institutoaprehender.com.ar\/w25\/wp-json\/wp\/v2\/product_tag?post=4804"}],"curies":[{"name":"wp","href":"https:\/\/api.w.org\/{rel}","templated":true}]}}