{"id":4806,"date":"2025-11-03T18:57:05","date_gmt":"2025-11-03T18:57:05","guid":{"rendered":"https:\/\/institutoaprehender.com.ar\/w25\/?post_type=product&#038;p=4806"},"modified":"2025-11-04T20:51:16","modified_gmt":"2025-11-04T20:51:16","slug":"tatuador-nivel-inicial","status":"publish","type":"product","link":"https:\/\/institutoaprehender.com.ar\/w25\/curso\/tatuador-nivel-inicial\/","title":{"rendered":"Tatuador &#8211; Nivel Inicial"},"content":{"rendered":"<p><span style=\"font-weight: 400;\">Este curso est\u00e1 pensado para quienes quieren <\/span>dar sus primeros pasos en el mundo del tatuaje profesional<span style=\"font-weight: 400;\">.<\/span><\/p>\n<p><span style=\"font-weight: 400;\">Aprender\u00e1s desde cero todo lo necesario para iniciarte en esta disciplina art\u00edstica, combinando <\/span>t\u00e9cnicas, pr\u00e1ctica y conocimientos de higiene y seguridad<span style=\"font-weight: 400;\">.<\/span><\/p>\n<p><span style=\"font-weight: 400;\">Est\u00e1 orientado tanto a quienes buscan dedicarse profesionalmente como a quienes desean desarrollar su creatividad en un nuevo arte corporal.<\/span><\/p>\n","protected":false},"excerpt":{"rendered":"<p>Este curso est\u00e1 pensado para quienes quieren dar sus primeros pasos en el mundo del tatuaje profesional. Aprender\u00e1s desde cero todo lo necesario para iniciarte en esta disciplina art\u00edstica, combinando t\u00e9cnicas, pr\u00e1ctica y conocimientos de higiene y seguridad. Est\u00e1 orientado tanto a quienes buscan dedicarse profesionalmente como a quienes desean desarrollar su creatividad en un [&hellip;]<\/p>\n","protected":false},"featured_media":4152,"comment_status":"closed","ping_status":"closed","template":"","meta":{"_acf_changed":false},"product_brand":[],"product_cat":[24],"product_tag":[41,37,38],"class_list":{"0":"post-4806","1":"product","2":"type-product","3":"status-publish","4":"has-post-thumbnail","6":"product_cat-area-estetica","7":"product_tag-certificacion-nacional","8":"product_tag-certificacion-occape","9":"product_tag-presencial","11":"first","12":"instock","13":"shipping-taxable","14":"product-type-simple"},"acf":[],"_links":{"self":[{"href":"https:\/\/institutoaprehender.com.ar\/w25\/wp-json\/wp\/v2\/product\/4806","targetHints":{"allow":["GET"]}}],"collection":[{"href":"https:\/\/institutoaprehender.com.ar\/w25\/wp-json\/wp\/v2\/product"}],"about":[{"href":"https:\/\/institutoaprehender.com.ar\/w25\/wp-json\/wp\/v2\/types\/product"}],"replies":[{"embeddable":true,"href":"https:\/\/institutoaprehender.com.ar\/w25\/wp-json\/wp\/v2\/comments?post=4806"}],"wp:featuredmedia":[{"embeddable":true,"href":"https:\/\/institutoaprehender.com.ar\/w25\/wp-json\/wp\/v2\/media\/4152"}],"wp:attachment":[{"href":"https:\/\/institutoaprehender.com.ar\/w25\/wp-json\/wp\/v2\/media?parent=4806"}],"wp:term":[{"taxonomy":"product_brand","embeddable":true,"href":"https:\/\/institutoaprehender.com.ar\/w25\/wp-json\/wp\/v2\/product_brand?post=4806"},{"taxonomy":"product_cat","embeddable":true,"href":"https:\/\/institutoaprehender.com.ar\/w25\/wp-json\/wp\/v2\/product_cat?post=4806"},{"taxonomy":"product_tag","embeddable":true,"href":"https:\/\/institutoaprehender.com.ar\/w25\/wp-json\/wp\/v2\/product_tag?post=4806"}],"curies":[{"name":"wp","href":"https:\/\/api.w.org\/{rel}","templated":true}]}}