{"id":4883,"date":"2025-11-03T20:30:40","date_gmt":"2025-11-03T20:30:40","guid":{"rendered":"https:\/\/institutoaprehender.com.ar\/w25\/?post_type=product&#038;p=4883"},"modified":"2025-11-04T20:54:00","modified_gmt":"2025-11-04T20:54:00","slug":"masoterapeuta","status":"publish","type":"product","link":"https:\/\/institutoaprehender.com.ar\/w25\/curso\/masoterapeuta\/","title":{"rendered":"Masoterapeuta"},"content":{"rendered":"<p>El curso de Masoterapia est\u00e1 pensado para quienes desean formarse en el \u00e1rea del bienestar, la est\u00e9tica o la salud corporal, ya sea como una nueva salida laboral o para complementar su profesi\u00f3n.<\/p>\n<p>Durante la cursada adquirir\u00e1s conocimientos de anatom\u00eda y fisiolog\u00eda humana, comprendiendo el funcionamiento del sistema muscular, \u00f3seo y articular. Aprender\u00e1s las principales t\u00e9cnicas de masaje terap\u00e9utico, relajante, descontracturante y circulatorio, junto con la correcta<\/p>\n<p>evaluaci\u00f3n del paciente y la preparaci\u00f3n del espacio de trabajo.<\/p>\n<p>Las clases son te\u00f3rico-pr\u00e1cticas, combinando fundamentos cient\u00edficos con pr\u00e1cticas guiadas para lograr una formaci\u00f3n s\u00f3lida, segura y profesional.<\/p>\n<p>Al finalizar, estar\u00e1s preparado para desempe\u00f1arte como Masoterapeuta Profesional en centros de est\u00e9tica, spas, consultorios, instituciones deportivas o en tu propio gabinete.<\/p>\n","protected":false},"excerpt":{"rendered":"<p><span style=\"font-weight: 400;\">El curso de <\/span><b>Masoterapia<\/b><span style=\"font-weight: 400;\"> est\u00e1 pensado para quienes desean formarse en el \u00e1rea del bienestar, la est\u00e9tica o la salud corporal, ya sea como una nueva salida laboral o para complementar su profesi\u00f3n.<\/span><\/p>\n","protected":false},"featured_media":1779,"comment_status":"closed","ping_status":"closed","template":"","meta":{"_acf_changed":false},"product_brand":[],"product_cat":[24],"product_tag":[41,37,38],"class_list":{"0":"post-4883","1":"product","2":"type-product","3":"status-publish","4":"has-post-thumbnail","6":"product_cat-area-estetica","7":"product_tag-certificacion-nacional","8":"product_tag-certificacion-occape","9":"product_tag-presencial","11":"first","12":"instock","13":"shipping-taxable","14":"product-type-simple"},"acf":[],"_links":{"self":[{"href":"https:\/\/institutoaprehender.com.ar\/w25\/wp-json\/wp\/v2\/product\/4883","targetHints":{"allow":["GET"]}}],"collection":[{"href":"https:\/\/institutoaprehender.com.ar\/w25\/wp-json\/wp\/v2\/product"}],"about":[{"href":"https:\/\/institutoaprehender.com.ar\/w25\/wp-json\/wp\/v2\/types\/product"}],"replies":[{"embeddable":true,"href":"https:\/\/institutoaprehender.com.ar\/w25\/wp-json\/wp\/v2\/comments?post=4883"}],"wp:featuredmedia":[{"embeddable":true,"href":"https:\/\/institutoaprehender.com.ar\/w25\/wp-json\/wp\/v2\/media\/1779"}],"wp:attachment":[{"href":"https:\/\/institutoaprehender.com.ar\/w25\/wp-json\/wp\/v2\/media?parent=4883"}],"wp:term":[{"taxonomy":"product_brand","embeddable":true,"href":"https:\/\/institutoaprehender.com.ar\/w25\/wp-json\/wp\/v2\/product_brand?post=4883"},{"taxonomy":"product_cat","embeddable":true,"href":"https:\/\/institutoaprehender.com.ar\/w25\/wp-json\/wp\/v2\/product_cat?post=4883"},{"taxonomy":"product_tag","embeddable":true,"href":"https:\/\/institutoaprehender.com.ar\/w25\/wp-json\/wp\/v2\/product_tag?post=4883"}],"curies":[{"name":"wp","href":"https:\/\/api.w.org\/{rel}","templated":true}]}}