{"id":4888,"date":"2025-11-03T20:35:23","date_gmt":"2025-11-03T20:35:23","guid":{"rendered":"https:\/\/institutoaprehender.com.ar\/w25\/?post_type=product&#038;p=4888"},"modified":"2025-11-04T21:03:13","modified_gmt":"2025-11-04T21:03:13","slug":"barberia-y-peluqueria-nivel-inicial","status":"publish","type":"product","link":"https:\/\/institutoaprehender.com.ar\/w25\/curso\/barberia-y-peluqueria-nivel-inicial\/","title":{"rendered":"Barberia y Peluquer\u00eda &#8211; Nivel Inicial"},"content":{"rendered":"<p>En este curso aprender\u00e1s a dominar las t\u00e9cnicas esenciales y avanzadas de corte, peinado, afeitado y cuidado del cabello y la barba, combinando conocimientos te\u00f3ricos con una s\u00f3lida pr\u00e1ctica profesional. Est\u00e1 dirigido tanto a quienes desean iniciarse en el rubro como a quienes buscan perfeccionar su estilo y ampliar sus oportunidades laborales.<\/p>\n<p>Durante la formaci\u00f3n adquirir\u00e1s habilidades para el uso correcto de tijeras, navajas, m\u00e1quinas y peines, aprender\u00e1s cortes cl\u00e1sicos y modernos, t\u00e9cnicas de fade, texturizado y dise\u00f1o de barba, as\u00ed como el afeitado tradicional y contempor\u00e1neo. Tambi\u00e9n se trabajar\u00e1 en la adaptaci\u00f3n de cortes seg\u00fan el tipo de rostro, cabello y estilo del cliente, fomentando la creatividad y la atenci\u00f3n personalizada.<\/p>\n<p>Las clases son te\u00f3rico-pr\u00e1cticas, con pr\u00e1cticas presenciales y demostrativas que te permitir\u00e1n desarrollar destrezas reales desde el inicio. Al finalizar el curso, estar\u00e1s preparado para desempe\u00f1arte como barbero o peluquero profesional, capaz de ofrecer un servicio de alta calidad, actualizado y con identidad propia.<\/p>\n","protected":false},"excerpt":{"rendered":"<p>En este curso aprender\u00e1s a dominar las t\u00e9cnicas esenciales y avanzadas de corte, peinado, afeitado y cuidado del cabello y la barba, combinando conocimientos te\u00f3ricos con una s\u00f3lida pr\u00e1ctica profesional. Est\u00e1 dirigido tanto a quienes desean iniciarse en el rubro como a quienes buscan perfeccionar su estilo y ampliar sus oportunidades laborales.<\/p>\n","protected":false},"featured_media":4203,"comment_status":"closed","ping_status":"closed","template":"","meta":{"_acf_changed":false},"product_brand":[],"product_cat":[24],"product_tag":[41,37,38],"class_list":{"0":"post-4888","1":"product","2":"type-product","3":"status-publish","4":"has-post-thumbnail","6":"product_cat-area-estetica","7":"product_tag-certificacion-nacional","8":"product_tag-certificacion-occape","9":"product_tag-presencial","11":"first","12":"instock","13":"shipping-taxable","14":"product-type-simple"},"acf":[],"_links":{"self":[{"href":"https:\/\/institutoaprehender.com.ar\/w25\/wp-json\/wp\/v2\/product\/4888","targetHints":{"allow":["GET"]}}],"collection":[{"href":"https:\/\/institutoaprehender.com.ar\/w25\/wp-json\/wp\/v2\/product"}],"about":[{"href":"https:\/\/institutoaprehender.com.ar\/w25\/wp-json\/wp\/v2\/types\/product"}],"replies":[{"embeddable":true,"href":"https:\/\/institutoaprehender.com.ar\/w25\/wp-json\/wp\/v2\/comments?post=4888"}],"wp:featuredmedia":[{"embeddable":true,"href":"https:\/\/institutoaprehender.com.ar\/w25\/wp-json\/wp\/v2\/media\/4203"}],"wp:attachment":[{"href":"https:\/\/institutoaprehender.com.ar\/w25\/wp-json\/wp\/v2\/media?parent=4888"}],"wp:term":[{"taxonomy":"product_brand","embeddable":true,"href":"https:\/\/institutoaprehender.com.ar\/w25\/wp-json\/wp\/v2\/product_brand?post=4888"},{"taxonomy":"product_cat","embeddable":true,"href":"https:\/\/institutoaprehender.com.ar\/w25\/wp-json\/wp\/v2\/product_cat?post=4888"},{"taxonomy":"product_tag","embeddable":true,"href":"https:\/\/institutoaprehender.com.ar\/w25\/wp-json\/wp\/v2\/product_tag?post=4888"}],"curies":[{"name":"wp","href":"https:\/\/api.w.org\/{rel}","templated":true}]}}