{"id":4986,"date":"2025-11-04T22:12:52","date_gmt":"2025-11-04T22:12:52","guid":{"rendered":"https:\/\/institutoaprehender.com.ar\/w25\/?post_type=product&#038;p=4986"},"modified":"2025-11-04T22:12:54","modified_gmt":"2025-11-04T22:12:54","slug":"instructurado-de-personal-trainer","status":"publish","type":"product","link":"https:\/\/institutoaprehender.com.ar\/w25\/curso\/instructurado-de-personal-trainer\/","title":{"rendered":"Instructurado de Personal Trainer"},"content":{"rendered":"<p><span style=\"font-weight: 400;\">En esta formaci\u00f3n aprender\u00e1s los fundamentos del entrenamiento f\u00edsico, junto con los principios de anatom\u00eda, fisiolog\u00eda y biomec\u00e1nica que explican el movimiento del cuerpo humano. A lo largo del curso desarrollar\u00e1s las habilidades necesarias para planificar rutinas personalizadas, guiar a tus alumnos y aplicar las t\u00e9cnicas correctas en cada tipo de ejercicio.<\/span><\/p>\n<p><span style=\"font-weight: 400;\">Aprender\u00e1s a ejecutar correctamente m\u00e1s de veinte <\/span><span style=\"font-weight: 400;\">ejercicios para el tren superior, core y tren inferior, trabajando fuerza, potencia, velocidad, flexibilidad y resistencia. Tambi\u00e9n conocer\u00e1s c\u00f3mo adaptar los entrenamientos seg\u00fan los objetivos, la condici\u00f3n f\u00edsica y las necesidades individuales de cada persona.<\/span><\/p>\n<p><span style=\"font-weight: 400;\">El curso te brindar\u00e1 una s\u00f3lida base te\u00f3rica y pr\u00e1ctica para comprender los fundamentos del entrenamiento, el impacto de cada ejercicio en el organismo y las funciones esenciales de un entrenador personal.<\/span><\/p>\n<p><span style=\"font-weight: 400;\">Al finalizar, estar\u00e1s preparado para desempe\u00f1arte profesionalmente como Personal Trainer en gimnasios, centros deportivos, instituciones educativas, programas de salud y rehabilitaci\u00f3n, o de manera independiente, ofreciendo rutinas seguras, efectivas y personalizadas.<\/span><\/p>\n","protected":false},"excerpt":{"rendered":"<p>En esta formaci\u00f3n aprender\u00e1s los fundamentos del entrenamiento f\u00edsico, junto con los principios de anatom\u00eda, fisiolog\u00eda y biomec\u00e1nica que explican el movimiento del cuerpo humano. A lo largo del curso desarrollar\u00e1s las habilidades necesarias para planificar rutinas personalizadas, guiar a tus alumnos y aplicar las t\u00e9cnicas correctas en cada tipo de ejercicio. Aprender\u00e1s a ejecutar [&hellip;]<\/p>\n","protected":false},"featured_media":4252,"comment_status":"closed","ping_status":"closed","template":"","meta":{"_acf_changed":false},"product_brand":[],"product_cat":[30],"product_tag":[40,41,39,38],"class_list":{"0":"post-4986","1":"product","2":"type-product","3":"status-publish","4":"has-post-thumbnail","6":"product_cat-area-salud","7":"product_tag-autogestionable","8":"product_tag-certificacion-nacional","9":"product_tag-online","10":"product_tag-presencial","12":"first","13":"instock","14":"shipping-taxable","15":"product-type-simple"},"acf":[],"_links":{"self":[{"href":"https:\/\/institutoaprehender.com.ar\/w25\/wp-json\/wp\/v2\/product\/4986","targetHints":{"allow":["GET"]}}],"collection":[{"href":"https:\/\/institutoaprehender.com.ar\/w25\/wp-json\/wp\/v2\/product"}],"about":[{"href":"https:\/\/institutoaprehender.com.ar\/w25\/wp-json\/wp\/v2\/types\/product"}],"replies":[{"embeddable":true,"href":"https:\/\/institutoaprehender.com.ar\/w25\/wp-json\/wp\/v2\/comments?post=4986"}],"wp:featuredmedia":[{"embeddable":true,"href":"https:\/\/institutoaprehender.com.ar\/w25\/wp-json\/wp\/v2\/media\/4252"}],"wp:attachment":[{"href":"https:\/\/institutoaprehender.com.ar\/w25\/wp-json\/wp\/v2\/media?parent=4986"}],"wp:term":[{"taxonomy":"product_brand","embeddable":true,"href":"https:\/\/institutoaprehender.com.ar\/w25\/wp-json\/wp\/v2\/product_brand?post=4986"},{"taxonomy":"product_cat","embeddable":true,"href":"https:\/\/institutoaprehender.com.ar\/w25\/wp-json\/wp\/v2\/product_cat?post=4986"},{"taxonomy":"product_tag","embeddable":true,"href":"https:\/\/institutoaprehender.com.ar\/w25\/wp-json\/wp\/v2\/product_tag?post=4986"}],"curies":[{"name":"wp","href":"https:\/\/api.w.org\/{rel}","templated":true}]}}