{"id":4990,"date":"2025-11-04T23:19:27","date_gmt":"2025-11-04T23:19:27","guid":{"rendered":"https:\/\/institutoaprehender.com.ar\/w25\/?post_type=product&#038;p=4990"},"modified":"2025-11-04T23:21:13","modified_gmt":"2025-11-04T23:21:13","slug":"instructurado-en-ritmos-latinos-urbanos","status":"publish","type":"product","link":"https:\/\/institutoaprehender.com.ar\/w25\/curso\/instructurado-en-ritmos-latinos-urbanos\/","title":{"rendered":"Instructurado en Ritmos Latinos &#038; Urbanos"},"content":{"rendered":"<p><span style=\"font-weight: 400;\">Este instructorado est\u00e1 dise\u00f1ado para quienes desean <\/span>convertirse en instructores profesionales de danzas y ritmos latinos, combinando movimiento, m\u00fasica y ense\u00f1anza.<\/p>\n<p>Aprender\u00e1s a dirigir clases din\u00e1micas, seguras y motivadoras, desarrollando tu propio estilo y dominio t\u00e9cnico en los principales ritmos de Am\u00e9rica Latina.<\/p>\n<p><span style=\"font-weight: 400;\">Est\u00e1 orientado tanto a bailarines que quieran profesionalizarse como a principiantes con buena coordinaci\u00f3n y pasi\u00f3n por el baile.<\/span><\/p>\n","protected":false},"excerpt":{"rendered":"<p>Este instructorado est\u00e1 dise\u00f1ado para quienes desean convertirse en instructores profesionales de danzas y ritmos latinos, combinando movimiento, m\u00fasica y ense\u00f1anza. Aprender\u00e1s a dirigir clases din\u00e1micas, seguras y motivadoras, desarrollando tu propio estilo y dominio t\u00e9cnico en los principales ritmos de Am\u00e9rica Latina. Est\u00e1 orientado tanto a bailarines que quieran profesionalizarse como a principiantes con [&hellip;]<\/p>\n","protected":false},"featured_media":4992,"comment_status":"closed","ping_status":"closed","template":"","meta":{"_acf_changed":false},"product_brand":[],"product_cat":[30],"product_tag":[38],"class_list":{"0":"post-4990","1":"product","2":"type-product","3":"status-publish","4":"has-post-thumbnail","6":"product_cat-area-salud","7":"product_tag-presencial","9":"first","10":"instock","11":"shipping-taxable","12":"product-type-simple"},"acf":[],"_links":{"self":[{"href":"https:\/\/institutoaprehender.com.ar\/w25\/wp-json\/wp\/v2\/product\/4990","targetHints":{"allow":["GET"]}}],"collection":[{"href":"https:\/\/institutoaprehender.com.ar\/w25\/wp-json\/wp\/v2\/product"}],"about":[{"href":"https:\/\/institutoaprehender.com.ar\/w25\/wp-json\/wp\/v2\/types\/product"}],"replies":[{"embeddable":true,"href":"https:\/\/institutoaprehender.com.ar\/w25\/wp-json\/wp\/v2\/comments?post=4990"}],"wp:featuredmedia":[{"embeddable":true,"href":"https:\/\/institutoaprehender.com.ar\/w25\/wp-json\/wp\/v2\/media\/4992"}],"wp:attachment":[{"href":"https:\/\/institutoaprehender.com.ar\/w25\/wp-json\/wp\/v2\/media?parent=4990"}],"wp:term":[{"taxonomy":"product_brand","embeddable":true,"href":"https:\/\/institutoaprehender.com.ar\/w25\/wp-json\/wp\/v2\/product_brand?post=4990"},{"taxonomy":"product_cat","embeddable":true,"href":"https:\/\/institutoaprehender.com.ar\/w25\/wp-json\/wp\/v2\/product_cat?post=4990"},{"taxonomy":"product_tag","embeddable":true,"href":"https:\/\/institutoaprehender.com.ar\/w25\/wp-json\/wp\/v2\/product_tag?post=4990"}],"curies":[{"name":"wp","href":"https:\/\/api.w.org\/{rel}","templated":true}]}}