{"id":4998,"date":"2025-11-04T23:46:09","date_gmt":"2025-11-04T23:46:09","guid":{"rendered":"https:\/\/institutoaprehender.com.ar\/w25\/?post_type=product&#038;p=4998"},"modified":"2025-11-04T23:46:09","modified_gmt":"2025-11-04T23:46:09","slug":"administrativo-de-laboratorio-de-analisis-clinicos","status":"publish","type":"product","link":"https:\/\/institutoaprehender.com.ar\/w25\/curso\/administrativo-de-laboratorio-de-analisis-clinicos\/","title":{"rendered":"Administrativo de Laboratorio de An\u00e1lisis Cl\u00ednicos"},"content":{"rendered":"<p><span style=\"font-weight: 400;\">En esta formaci\u00f3n aprender\u00e1s los fundamentos del trabajo administrativo dentro de un laboratorio de an\u00e1lisis cl\u00ednicos. A lo largo del curso te capacitar\u00e1s para realizar una <\/span>correcta recepci\u00f3n del paciente<span style=\"font-weight: 400;\">, gestionar \u00f3rdenes m\u00e9dicas y coordinar las solicitudes de estudios con precisi\u00f3n y responsabilidad.<\/span><\/p>\n<p><span style=\"font-weight: 400;\">Desarrollar\u00e1s habilidades para <\/span>ingresar datos en sistemas inform\u00e1ticos, controlar la facturaci\u00f3n de prestaciones, interpretar indicaciones m\u00e9dicas y mantener una comunicaci\u00f3n clara y profesional con el paciente<span style=\"font-weight: 400;\">. Adem\u00e1s, comprender\u00e1s el funcionamiento general del laboratorio y su relaci\u00f3n con los distintos <\/span><span style=\"font-weight: 400;\">servicios de salud.<\/span><\/p>\n<p><span style=\"font-weight: 400;\">El curso combina teor\u00eda y pr\u00e1ctica para brindarte una formaci\u00f3n completa, enfocada en la atenci\u00f3n al p\u00fablico, la organizaci\u00f3n de tareas y la gesti\u00f3n administrativa del \u00e1rea.<\/span><\/p>\n<p><span style=\"font-weight: 400;\">Al finalizar, estar\u00e1s preparado para desempe\u00f1arte en <\/span>laboratorios, cl\u00ednicas, hospitales y centros de diagn\u00f3stico<span style=\"font-weight: 400;\">, siendo el <\/span>v\u00ednculo fundamental entre el paciente y el equipo de salud<span style=\"font-weight: 400;\">, y garantizando un servicio eficiente y de calidad.<\/span><\/p>\n","protected":false},"excerpt":{"rendered":"<p>En esta formaci\u00f3n aprender\u00e1s los fundamentos del trabajo administrativo dentro de un laboratorio de an\u00e1lisis cl\u00ednicos. A lo largo del curso te capacitar\u00e1s para realizar una correcta recepci\u00f3n del paciente, gestionar \u00f3rdenes m\u00e9dicas y coordinar las solicitudes de estudios con precisi\u00f3n y responsabilidad. Desarrollar\u00e1s habilidades para ingresar datos en sistemas inform\u00e1ticos, controlar la facturaci\u00f3n de [&hellip;]<\/p>\n","protected":false},"featured_media":5000,"comment_status":"closed","ping_status":"closed","template":"","meta":{"_acf_changed":false},"product_brand":[],"product_cat":[30],"product_tag":[40,41,39],"class_list":{"0":"post-4998","1":"product","2":"type-product","3":"status-publish","4":"has-post-thumbnail","6":"product_cat-area-salud","7":"product_tag-autogestionable","8":"product_tag-certificacion-nacional","9":"product_tag-online","11":"first","12":"instock","13":"shipping-taxable","14":"product-type-simple"},"acf":[],"_links":{"self":[{"href":"https:\/\/institutoaprehender.com.ar\/w25\/wp-json\/wp\/v2\/product\/4998","targetHints":{"allow":["GET"]}}],"collection":[{"href":"https:\/\/institutoaprehender.com.ar\/w25\/wp-json\/wp\/v2\/product"}],"about":[{"href":"https:\/\/institutoaprehender.com.ar\/w25\/wp-json\/wp\/v2\/types\/product"}],"replies":[{"embeddable":true,"href":"https:\/\/institutoaprehender.com.ar\/w25\/wp-json\/wp\/v2\/comments?post=4998"}],"wp:featuredmedia":[{"embeddable":true,"href":"https:\/\/institutoaprehender.com.ar\/w25\/wp-json\/wp\/v2\/media\/5000"}],"wp:attachment":[{"href":"https:\/\/institutoaprehender.com.ar\/w25\/wp-json\/wp\/v2\/media?parent=4998"}],"wp:term":[{"taxonomy":"product_brand","embeddable":true,"href":"https:\/\/institutoaprehender.com.ar\/w25\/wp-json\/wp\/v2\/product_brand?post=4998"},{"taxonomy":"product_cat","embeddable":true,"href":"https:\/\/institutoaprehender.com.ar\/w25\/wp-json\/wp\/v2\/product_cat?post=4998"},{"taxonomy":"product_tag","embeddable":true,"href":"https:\/\/institutoaprehender.com.ar\/w25\/wp-json\/wp\/v2\/product_tag?post=4998"}],"curies":[{"name":"wp","href":"https:\/\/api.w.org\/{rel}","templated":true}]}}