{"id":5010,"date":"2025-11-05T00:05:14","date_gmt":"2025-11-05T00:05:14","guid":{"rendered":"https:\/\/institutoaprehender.com.ar\/w25\/?post_type=product&#038;p=5010"},"modified":"2025-11-05T00:06:07","modified_gmt":"2025-11-05T00:06:07","slug":"acompanante-terapeutico","status":"publish","type":"product","link":"https:\/\/institutoaprehender.com.ar\/w25\/curso\/acompanante-terapeutico\/","title":{"rendered":"Acompa\u00f1ante Terap\u00e9utico"},"content":{"rendered":"<p>En esta capacitaci\u00f3n aprender\u00e1s a desempe\u00f1arte como miembro de un equipo interdisciplinario de salud, acompa\u00f1ando a personas con diferentes necesidades en su vida cotidiana, bajo la coordinaci\u00f3n de profesionales como psiquiatras, psic\u00f3logos o neur\u00f3logos.<\/p>\n<p>Estudiar\u00e1s los fundamentos del acompa\u00f1amiento terap\u00e9utico en distintas etapas de la vida, abordando casos de ni\u00f1os, adolescentes, adultos y adultos mayores, en contextos como tratamientos de adicciones, trastornos alimentarios, discapacidad, cuidados paliativos y acompa\u00f1amiento escolar.<\/p>\n<p>Adem\u00e1s, adquirir\u00e1s herramientas te\u00f3ricas y pr\u00e1cticas para intervenir en situaciones cl\u00ednicas y sociales, aprendiendo a reconocer las necesidades del paciente, aplicar estrategias de contenci\u00f3n emocional y trabajar junto a otros profesionales para favorecer su autonom\u00eda y calidad de vida.<\/p>\n<p>Al finalizar, estar\u00e1s preparado para desempe\u00f1arte en instituciones de salud mental, centros de d\u00eda, escuelas, instituciones educativas o en atenci\u00f3n domiciliaria, brindando un acompa\u00f1amiento responsable, emp\u00e1tico y profesional.<\/p>\n","protected":false},"excerpt":{"rendered":"<p>En esta capacitaci\u00f3n aprender\u00e1s a desempe\u00f1arte como miembro de un equipo interdisciplinario de salud, acompa\u00f1ando a personas con diferentes necesidades en su vida cotidiana, bajo la coordinaci\u00f3n de profesionales como psiquiatras, psic\u00f3logos o neur\u00f3logos. Estudiar\u00e1s los fundamentos del acompa\u00f1amiento terap\u00e9utico en distintas etapas de la vida, abordando casos de ni\u00f1os, adolescentes, adultos y adultos mayores, [&hellip;]<\/p>\n","protected":false},"featured_media":5012,"comment_status":"closed","ping_status":"closed","template":"","meta":{"_acf_changed":false},"product_brand":[],"product_cat":[30],"product_tag":[40,41,39],"class_list":{"0":"post-5010","1":"product","2":"type-product","3":"status-publish","4":"has-post-thumbnail","6":"product_cat-area-salud","7":"product_tag-autogestionable","8":"product_tag-certificacion-nacional","9":"product_tag-online","11":"first","12":"instock","13":"shipping-taxable","14":"product-type-simple"},"acf":[],"_links":{"self":[{"href":"https:\/\/institutoaprehender.com.ar\/w25\/wp-json\/wp\/v2\/product\/5010","targetHints":{"allow":["GET"]}}],"collection":[{"href":"https:\/\/institutoaprehender.com.ar\/w25\/wp-json\/wp\/v2\/product"}],"about":[{"href":"https:\/\/institutoaprehender.com.ar\/w25\/wp-json\/wp\/v2\/types\/product"}],"replies":[{"embeddable":true,"href":"https:\/\/institutoaprehender.com.ar\/w25\/wp-json\/wp\/v2\/comments?post=5010"}],"wp:featuredmedia":[{"embeddable":true,"href":"https:\/\/institutoaprehender.com.ar\/w25\/wp-json\/wp\/v2\/media\/5012"}],"wp:attachment":[{"href":"https:\/\/institutoaprehender.com.ar\/w25\/wp-json\/wp\/v2\/media?parent=5010"}],"wp:term":[{"taxonomy":"product_brand","embeddable":true,"href":"https:\/\/institutoaprehender.com.ar\/w25\/wp-json\/wp\/v2\/product_brand?post=5010"},{"taxonomy":"product_cat","embeddable":true,"href":"https:\/\/institutoaprehender.com.ar\/w25\/wp-json\/wp\/v2\/product_cat?post=5010"},{"taxonomy":"product_tag","embeddable":true,"href":"https:\/\/institutoaprehender.com.ar\/w25\/wp-json\/wp\/v2\/product_tag?post=5010"}],"curies":[{"name":"wp","href":"https:\/\/api.w.org\/{rel}","templated":true}]}}