{"id":5013,"date":"2025-11-05T00:12:04","date_gmt":"2025-11-05T00:12:04","guid":{"rendered":"https:\/\/institutoaprehender.com.ar\/w25\/?post_type=product&#038;p=5013"},"modified":"2025-11-05T00:12:05","modified_gmt":"2025-11-05T00:12:05","slug":"extraccionista-y-manejo-de-laboratorio-de-analisis-clinicos","status":"publish","type":"product","link":"https:\/\/institutoaprehender.com.ar\/w25\/curso\/extraccionista-y-manejo-de-laboratorio-de-analisis-clinicos\/","title":{"rendered":"Extraccionista y Manejo de Laboratorio de An\u00e1lisis Cl\u00ednicos"},"content":{"rendered":"<p><span style=\"font-weight: 400;\">En este curso aprender\u00e1s a realizar extracciones de sangre con t\u00e9cnicas seguras, precisas y actualizadas, comprendiendo en profundidad todo el proceso preanal\u00edtico dentro del laboratorio. Estudiar\u00e1s el manejo integral del material biol\u00f3gico, desde la correcta identificaci\u00f3n del paciente hasta la conservaci\u00f3n y transporte de las muestras, garantizando su integridad y trazabilidad.<\/span><\/p>\n<p><span style=\"font-weight: 400;\">Tambi\u00e9n aprender\u00e1s a interpretar \u00f3rdenes m\u00e9dicas y a realizar extracciones en diferentes \u00e1mbitos: guardias, consultorios externos, internaciones y servicios a domicilio, aplicando siempre las normas de bioseguridad y los protocolos vigentes. Conocer\u00e1s los distintos tipos de tubos, agujas, anticoagulantes y equipos de laboratorio, aprendiendo su uso, mantenimiento y control de calidad.<\/span><\/p>\n<p><span style=\"font-weight: 400;\">A lo largo del curso desarrollar\u00e1s habilidades pr\u00e1cticas y te\u00f3ricas que te permitir\u00e1n comprender la organizaci\u00f3n del laboratorio, la relaci\u00f3n con los profesionales del \u00e1rea de salud y la importancia de tu rol en el diagn\u00f3stico cl\u00ednico.<\/span><\/p>\n<p><span style=\"font-weight: 400;\">Al finalizar, estar\u00e1s preparado para desempe\u00f1arte con responsabilidad y profesionalismo en laboratorios, hospitales, cl\u00ednicas y centros de salud de todo el pa\u00eds, brindando un servicio seguro, humano y de calidad.<\/span><\/p>\n","protected":false},"excerpt":{"rendered":"<p>En este curso aprender\u00e1s a realizar extracciones de sangre con t\u00e9cnicas seguras, precisas y actualizadas, comprendiendo en profundidad todo el proceso preanal\u00edtico dentro del laboratorio. Estudiar\u00e1s el manejo integral del material biol\u00f3gico, desde la correcta identificaci\u00f3n del paciente hasta la conservaci\u00f3n y transporte de las muestras, garantizando su integridad y trazabilidad. Tambi\u00e9n aprender\u00e1s a interpretar [&hellip;]<\/p>\n","protected":false},"featured_media":2341,"comment_status":"closed","ping_status":"closed","template":"","meta":{"_acf_changed":false},"product_brand":[],"product_cat":[30],"product_tag":[41,38],"class_list":{"0":"post-5013","1":"product","2":"type-product","3":"status-publish","4":"has-post-thumbnail","6":"product_cat-area-salud","7":"product_tag-certificacion-nacional","8":"product_tag-presencial","10":"first","11":"instock","12":"shipping-taxable","13":"product-type-simple"},"acf":[],"_links":{"self":[{"href":"https:\/\/institutoaprehender.com.ar\/w25\/wp-json\/wp\/v2\/product\/5013","targetHints":{"allow":["GET"]}}],"collection":[{"href":"https:\/\/institutoaprehender.com.ar\/w25\/wp-json\/wp\/v2\/product"}],"about":[{"href":"https:\/\/institutoaprehender.com.ar\/w25\/wp-json\/wp\/v2\/types\/product"}],"replies":[{"embeddable":true,"href":"https:\/\/institutoaprehender.com.ar\/w25\/wp-json\/wp\/v2\/comments?post=5013"}],"wp:featuredmedia":[{"embeddable":true,"href":"https:\/\/institutoaprehender.com.ar\/w25\/wp-json\/wp\/v2\/media\/2341"}],"wp:attachment":[{"href":"https:\/\/institutoaprehender.com.ar\/w25\/wp-json\/wp\/v2\/media?parent=5013"}],"wp:term":[{"taxonomy":"product_brand","embeddable":true,"href":"https:\/\/institutoaprehender.com.ar\/w25\/wp-json\/wp\/v2\/product_brand?post=5013"},{"taxonomy":"product_cat","embeddable":true,"href":"https:\/\/institutoaprehender.com.ar\/w25\/wp-json\/wp\/v2\/product_cat?post=5013"},{"taxonomy":"product_tag","embeddable":true,"href":"https:\/\/institutoaprehender.com.ar\/w25\/wp-json\/wp\/v2\/product_tag?post=5013"}],"curies":[{"name":"wp","href":"https:\/\/api.w.org\/{rel}","templated":true}]}}